{"id":2,"date":"2016-11-27T14:38:56","date_gmt":"2016-11-27T13:38:56","guid":{"rendered":"http:\/\/www.masaze-lezajsk.pl\/?page_id=2"},"modified":"2016-12-05T22:29:51","modified_gmt":"2016-12-05T21:29:51","slug":"przykladowa-strona","status":"publish","type":"page","link":"https:\/\/www.masaze-lezajsk.pl\/","title":{"rendered":"Gabinet Odnowy Biologicznej i Rehabilitacji"},"content":{"rendered":"<p><img loading=\"lazy\" decoding=\"async\" class=\"alignnone wp-image-9\" src=\"http:\/\/www.masaze-lezajsk.pl\/wp-content\/uploads\/2016\/11\/cropped-massage-599532-1-300x75.jpg\" alt=\"cropped-massage-599532-1.jpg\" width=\"244\" height=\"61\" srcset=\"https:\/\/www.masaze-lezajsk.pl\/wp-content\/uploads\/2016\/11\/cropped-massage-599532-1-300x75.jpg 300w, https:\/\/www.masaze-lezajsk.pl\/wp-content\/uploads\/2016\/11\/cropped-massage-599532-1-768x192.jpg 768w, https:\/\/www.masaze-lezajsk.pl\/wp-content\/uploads\/2016\/11\/cropped-massage-599532-1-720x180.jpg 720w, https:\/\/www.masaze-lezajsk.pl\/wp-content\/uploads\/2016\/11\/cropped-massage-599532-1.jpg 1000w\" sizes=\"auto, (max-width: 244px) 100vw, 244px\" \/><\/p>\n<p><span style=\"font-family: Times New Roman,serif;\"><span style=\"font-size: medium;\">Serdecznie zapraszam do mojego <strong>Gabinetu Odnowy Biologicznej i Rehabilitacji<\/strong> usytuowanego w\u00a0Le\u017cajsku, w kt\u00f3rym oferuj\u0119 profesjonalne masa\u017ce. Dzia\u0142alno\u015b\u0107 prowadz\u0119 nieprzerwanie od 1995 roku. Dzi\u0119ki wieloletniemu do\u015bwiadczeniu zawodowemu jestem w stanie sprosta\u0107 wysokim oczekiwaniom klient\u00f3w. Cech\u0105 charakterystyczn\u0105 mojego gabinetu jest szeroki wachlarz <strong>masa\u017cy<\/strong>, wykonywany w spos\u00f3b profesjonalny w bardzo przyst\u0119pnych cenach.<br \/>\nDoskonale wiem jak bardzo eksploatuj\u0105ce jest dla ka\u017cdego dzisiejsze tempo \u017cycia. W pogoni za lepszym jutrem \u0142atwo zapomnie\u0107 o sobie. Wiedz\u0105c o tym jak masa\u017ce znakomicie dzia\u0142aj\u0105 na organizm, zapraszam do skorzystania z mojej oferty. Gwarantuj\u0119, \u017ce ka\u017cdy znajdzie u mnie masa\u017c idealny dla siebie.<\/span><\/span><\/p>\n<p><span style=\"font-family: Times New Roman,serif;\"><span style=\"font-size: medium;\">Pozw\u00f3l sobie na odpoczynek.<br \/>\nSpraw, by <strong>masa\u017c<\/strong> sta\u0142 si\u0119 cz\u0119\u015bci\u0105 Twojego \u017cycia.<br \/>\nJu\u017c po pierwszej wizycie odczujesz i docenisz dobroczynne dzia\u0142anie masa\u017cu.<\/span><\/span><\/p>\n<p><span style=\"font-family: Times New Roman,serif;\"><span style=\"font-size: medium;\">A je\u015bli masz problemy z kr\u0119gos\u0142upem, czy uk\u0142adem kostnym, nie czekaj, nie pozw\u00f3l na post\u0119p choroby. Oferuj\u0119 skuteczn\u0105 pomoc przy chorobach kr\u0119gos\u0142upa, staw\u00f3w i mi\u0119\u015bni oraz wadach postawy i skrzywieniach kr\u0119gos\u0142upa u dzieci.<\/span><\/span><\/p>\n<p>&nbsp;<\/p>\n<p><strong>Gabinet Odnowy Biologicznej i Rehabilitacji oferuje<\/strong>:<\/p>\n<p><a href=\"http:\/\/www.masaze-lezajsk.pl\/?page_id=35\"><strong>Masa\u017c Japo\u0144ski<\/strong><\/a> &#8211; masa\u017c ca\u0142ego cia\u0142a oparty na akupresurze, ustawienie kr\u0119gos\u0142upa i wszystkich staw\u00f3w, stosowany m.in. w dyskopatii, rwie kulszowej, rwie ramiennej, chorobach zwyrodnieniowych kr\u0119gos\u0142upa i staw\u00f3w, nerwob\u00f3lach, b\u00f3lach g\u0142owy, wadach postawy i skrzywieniach kr\u0119gos\u0142upa<\/p>\n<p><a href=\"http:\/\/www.masaze-lezajsk.pl\/?page_id=38\"><strong>Masa\u017c klasyczny<\/strong><\/a> &#8211; leczniczy , relaksacyjny, izometryczny<\/p>\n<p><a href=\"http:\/\/www.masaze-lezajsk.pl\/?page_id=43\"><strong>Masa\u017c odchudzaj\u0105cy<\/strong><\/a><\/p>\n<p><a href=\"http:\/\/www.masaze-lezajsk.pl\/?page_id=46\"><strong>Masa\u017c ba\u0144k\u0105 chi\u0144sk\u0105<\/strong><\/a><\/p>\n<p><a href=\"http:\/\/www.masaze-lezajsk.pl\/?page_id=52\"><strong>Kinezyterapia<\/strong><\/a> &#8211; \u0107wiczenia czynne i bierne<\/p>\n<p>&nbsp;<\/p>\n","protected":false},"excerpt":{"rendered":"<p>Serdecznie zapraszam do mojego Gabinetu Odnowy Biologicznej i Rehabilitacji usytuowanego w\u00a0Le\u017cajsku, w kt\u00f3rym oferuj\u0119 profesjonalne masa\u017ce. Dzia\u0142alno\u015b\u0107 prowadz\u0119 nieprzerwanie od &hellip; <\/p>\n<p><a href=\"https:\/\/www.masaze-lezajsk.pl\/\" class=\"more-link\">Read More<\/a><\/p>\n","protected":false},"author":1,"featured_media":0,"parent":0,"menu_order":0,"comment_status":"closed","ping_status":"open","template":"","meta":{"footnotes":""},"class_list":["post-2","page","type-page","status-publish","hentry"],"_links":{"self":[{"href":"https:\/\/www.masaze-lezajsk.pl\/index.php?rest_route=\/wp\/v2\/pages\/2","targetHints":{"allow":["GET"]}}],"collection":[{"href":"https:\/\/www.masaze-lezajsk.pl\/index.php?rest_route=\/wp\/v2\/pages"}],"about":[{"href":"https:\/\/www.masaze-lezajsk.pl\/index.php?rest_route=\/wp\/v2\/types\/page"}],"author":[{"embeddable":true,"href":"https:\/\/www.masaze-lezajsk.pl\/index.php?rest_route=\/wp\/v2\/users\/1"}],"replies":[{"embeddable":true,"href":"https:\/\/www.masaze-lezajsk.pl\/index.php?rest_route=%2Fwp%2Fv2%2Fcomments&post=2"}],"version-history":[{"count":27,"href":"https:\/\/www.masaze-lezajsk.pl\/index.php?rest_route=\/wp\/v2\/pages\/2\/revisions"}],"predecessor-version":[{"id":84,"href":"https:\/\/www.masaze-lezajsk.pl\/index.php?rest_route=\/wp\/v2\/pages\/2\/revisions\/84"}],"wp:attachment":[{"href":"https:\/\/www.masaze-lezajsk.pl\/index.php?rest_route=%2Fwp%2Fv2%2Fmedia&parent=2"}],"curies":[{"name":"wp","href":"https:\/\/api.w.org\/{rel}","templated":true}]}}