{"id":30,"date":"2016-11-28T19:32:49","date_gmt":"2016-11-28T18:32:49","guid":{"rendered":"http:\/\/www.masaze-lezajsk.pl\/?page_id=30"},"modified":"2024-11-29T21:16:00","modified_gmt":"2024-11-29T20:16:00","slug":"kontakt","status":"publish","type":"page","link":"https:\/\/www.masaze-lezajsk.pl\/?page_id=30","title":{"rendered":"Kontakt"},"content":{"rendered":"<p><strong>Gabinet Odnowy Biologicznej i Rehabilitacji<\/strong><br \/>\nRenata Zieli\u0144ska<br \/>\nDyplomowana Masa\u017cystka i Fizjoterapeutka<\/p>\n<p>ul. Opali\u0144skiego 55c<br \/>\n37-300 Le\u017cajsk<\/p>\n<p>tel.: <strong>17 24 27 881<\/strong><br \/>\ntel. kom.: <strong>606 973 677<\/strong><\/p>\n<p>adres e-mail: <strong>gob.zielinska.renata@gmail.com<\/strong><\/p>\n<p>&nbsp;<\/p>\n<p><iframe loading=\"lazy\" style=\"border: 0; width: 100%;\" src=\"https:\/\/www.google.com\/maps\/embed?pb=!1m18!1m12!1m3!1d2550.5696190843564!2d22.407122315232392!3d50.262621979449875!2m3!1f0!2f0!3f0!3m2!1i1024!2i768!4f13.1!3m3!1m2!1s0x473cc6af93ee2c4b%3A0xc005c89fed6a9c6a!2sGabinet+Odnowy+Biologicznej+i+Rehabilitacji%2C+Zieli%C5%84ska+Renata!5e0!3m2!1spl!2spl!4v1480523280620\" width=\"300\" height=\"450\" frameborder=\"0\" allowfullscreen=\"allowfullscreen\"><\/iframe><\/p>\n","protected":false},"excerpt":{"rendered":"<p>Gabinet Odnowy Biologicznej i Rehabilitacji Renata Zieli\u0144ska Dyplomowana Masa\u017cystka i Fizjoterapeutka ul. Opali\u0144skiego 55c 37-300 Le\u017cajsk tel.: 17 24 27 &hellip; <\/p>\n<p><a href=\"https:\/\/www.masaze-lezajsk.pl\/?page_id=30\" class=\"more-link\">Read More<\/a><\/p>\n","protected":false},"author":1,"featured_media":0,"parent":0,"menu_order":0,"comment_status":"closed","ping_status":"closed","template":"","meta":{"footnotes":""},"class_list":["post-30","page","type-page","status-publish","hentry"],"_links":{"self":[{"href":"https:\/\/www.masaze-lezajsk.pl\/index.php?rest_route=\/wp\/v2\/pages\/30","targetHints":{"allow":["GET"]}}],"collection":[{"href":"https:\/\/www.masaze-lezajsk.pl\/index.php?rest_route=\/wp\/v2\/pages"}],"about":[{"href":"https:\/\/www.masaze-lezajsk.pl\/index.php?rest_route=\/wp\/v2\/types\/page"}],"author":[{"embeddable":true,"href":"https:\/\/www.masaze-lezajsk.pl\/index.php?rest_route=\/wp\/v2\/users\/1"}],"replies":[{"embeddable":true,"href":"https:\/\/www.masaze-lezajsk.pl\/index.php?rest_route=%2Fwp%2Fv2%2Fcomments&post=30"}],"version-history":[{"count":8,"href":"https:\/\/www.masaze-lezajsk.pl\/index.php?rest_route=\/wp\/v2\/pages\/30\/revisions"}],"predecessor-version":[{"id":87,"href":"https:\/\/www.masaze-lezajsk.pl\/index.php?rest_route=\/wp\/v2\/pages\/30\/revisions\/87"}],"wp:attachment":[{"href":"https:\/\/www.masaze-lezajsk.pl\/index.php?rest_route=%2Fwp%2Fv2%2Fmedia&parent=30"}],"curies":[{"name":"wp","href":"https:\/\/api.w.org\/{rel}","templated":true}]}}