{"id":38,"date":"2016-11-28T22:09:57","date_gmt":"2016-11-28T21:09:57","guid":{"rendered":"http:\/\/www.masaze-lezajsk.pl\/?page_id=38"},"modified":"2016-12-05T20:59:40","modified_gmt":"2016-12-05T19:59:40","slug":"masaz-klasyczny%e2%80%a8","status":"publish","type":"page","link":"https:\/\/www.masaze-lezajsk.pl\/?page_id=38","title":{"rendered":"Masa\u017c klasyczny\u2028"},"content":{"rendered":"<p>Masa\u017c klasyczny to najpopularniejszy masa\u017c, kt\u00f3ry w zale\u017cno\u015bci od intensywno\u015bci mo\u017ce by\u0107 leczniczy, relaksacyjny, izometryczny itp. Ma na celu poprawienie psychofizycznego stanu pacjenta. Znajduje zastosowanie w zapobieganiu i leczeniu wielu chor\u00f3b z dziedziny ortopedii, neurologii, pediatrii, kardiologii oraz chor\u00f3b internistycznych.<\/p>\n<p>&nbsp;<\/p>\n<ul>\n<li><strong>Masa\u017c klasyczny leczniczy<\/strong><\/li>\n<\/ul>\n<p>Masa\u017c klasyczny leczniczy dzia\u0142a przeciwb\u00f3lowo, uaktywnia przep\u0142yw krwi i limfy, polepsza od\u017cywienie tkanek, regeneruje mi\u0119\u015bnie, reguluje napi\u0119cie mi\u0119\u015bniowe, zwi\u0119ksza elastyczno\u015b\u0107 i spr\u0119\u017cysto\u015b\u0107 mi\u0119\u015bni, poprawia wygl\u0105d sk\u00f3ry, jest ona lepiej dotleniona i ukrwiona. Regularne stosowanie masa\u017cu polepsza og\u00f3lne samopoczucie.<br \/>\n<strong>Wskazania:<\/strong><br \/>\nStosowany jest m.in. w chorobach narz\u0105du ruchu (skr\u0119cenia, zwichni\u0119cia, z\u0142amania, zapalenia staw\u00f3w, mi\u0119\u015bni, \u015bci\u0119gien), skrzywieniach kr\u0119gos\u0142upa, chorobach kr\u0119gos\u0142upa, zespo\u0142ach b\u00f3lowych, chorobach o\u015brodkowego i obwodowego uk\u0142adu nerwowego (pora\u017cenia, niedow\u0142ady, nerwob\u00f3le), chorobach uk\u0142adu kr\u0105\u017cenia, zaparciach, bliznach.<\/p>\n<p>&nbsp;<\/p>\n<ul>\n<li><strong>Masa\u017c relaksacyjny<\/strong><\/li>\n<\/ul>\n<p>Celem masa\u017cu relaksacyjnego jest zmniejszenie, nast\u0119pnie ca\u0142kowite zniesienie napi\u0119cia mi\u0119\u015bniowo-nerwowego i napi\u0119cia psychicznego, a tym samym, uzyskanie pe\u0142nego rozlu\u017anienia i odpr\u0119\u017cenia. Masa\u017c ten przywraca prawid\u0142owy rytm serca, w\u0142a\u015bciwe kr\u0105\u017cenie i ci\u015bnienie krwi, pomaga w walce z bezsenno\u015bci\u0105.<br \/>\n<strong>Wskazania:<\/strong><br \/>\nStosowany w celu rozlu\u017anienia mi\u0119\u015bni i odstresowania.<\/p>\n<p>&nbsp;<\/p>\n<ul>\n<li><strong>Masa\u017c izometryczny<\/strong><\/li>\n<\/ul>\n<p>Polega na intensywnym masowaniu mi\u0119\u015bni podczas skurczu izometrycznego (napi\u0119cie mi\u0119\u015bni bez wykonywania ruchu w stawie, czyli bez skracania d\u0142ugo\u015bci mi\u0119\u015bnia). Zadaniem tego zbiegu jest przywr\u00f3cenie masy i si\u0142y os\u0142abionym mi\u0119\u015bniom bez obci\u0105\u017cania organizmu \u0107wiczeniami. Pozwala r\u00f3wnie\u017c zwalcza\u0107 skutki zm\u0119czenia spowodowane wysi\u0142kiem fizycznym np. u sportowc\u00f3w. Masa\u017c zm\u0119czonego mi\u0119\u015bnia pomaga rozlu\u017ani\u0107 go i zapobiega p\u00f3\u017aniejszym uszkodzeniom.<br \/>\n<strong>Wskazania:<\/strong><br \/>\nStosowany jest po d\u0142ugotrwa\u0142ym unieruchomieniu (np. po z\u0142amaniach), w zanikach mi\u0119\u015bni, niedow\u0142adach wiotkich, skoliozach i u sportowc\u00f3w.<\/p>\n<p>&nbsp;<\/p>\n<ul>\n<li><strong>Masa\u017c kontralateralny<\/strong><\/li>\n<\/ul>\n<p>U podstaw tego masa\u017cu le\u017c\u0105 za\u0142o\u017cenia z zakresu neurofizjologii. Oddzia\u0142ywanie masa\u017cu na zdrow\u0105 ko\u0144czyn\u0119 aktywizuje przep\u0142yw krwi i bod\u017ac\u00f3w nerwowych za po\u015brednictwem skrzy\u017cowa\u0144 naczyniowo-ruchowych odruch\u00f3w fizjologicznych po stronie przeciwnej w ok. 30%. Wraz z du\u017cym przekrwieniem dochodzi do lepszego od\u017cywienia przekrwionych obszar\u00f3w i co za tym idzie szybszego procesu gojenia. Dzi\u0119ki jego zastosowaniu mo\u017cna przyspieszy\u0107 zrost kostny \u015brednio o dwa tygodnie, co mo\u017ce zapobiec wielu charakterystycznym zmianom podczas d\u0142ugotrwa\u0142ego unieruchomienia ko\u0144czyny.<br \/>\n<strong>Wskazania:<\/strong><br \/>\n\u2028Stosowany jest we wszystkich przypadkach, w kt\u00f3rych niemo\u017cliwe jest zastosowanie masa\u017cu na chorej ko\u0144czynie ze wzgl\u0119du na przeciwskazania np.: stan zapalny, oparzenia, rozleg\u0142e rany, opatrunek gipsowy, zmiany dermatologiczne itp..<\/p>\n","protected":false},"excerpt":{"rendered":"<p>Masa\u017c klasyczny to najpopularniejszy masa\u017c, kt\u00f3ry w zale\u017cno\u015bci od intensywno\u015bci mo\u017ce by\u0107 leczniczy, relaksacyjny, izometryczny itp. Ma na celu poprawienie &hellip; <\/p>\n<p><a href=\"https:\/\/www.masaze-lezajsk.pl\/?page_id=38\" class=\"more-link\">Read More<\/a><\/p>\n","protected":false},"author":1,"featured_media":0,"parent":0,"menu_order":0,"comment_status":"closed","ping_status":"closed","template":"","meta":{"footnotes":""},"class_list":["post-38","page","type-page","status-publish","hentry"],"_links":{"self":[{"href":"https:\/\/www.masaze-lezajsk.pl\/index.php?rest_route=\/wp\/v2\/pages\/38","targetHints":{"allow":["GET"]}}],"collection":[{"href":"https:\/\/www.masaze-lezajsk.pl\/index.php?rest_route=\/wp\/v2\/pages"}],"about":[{"href":"https:\/\/www.masaze-lezajsk.pl\/index.php?rest_route=\/wp\/v2\/types\/page"}],"author":[{"embeddable":true,"href":"https:\/\/www.masaze-lezajsk.pl\/index.php?rest_route=\/wp\/v2\/users\/1"}],"replies":[{"embeddable":true,"href":"https:\/\/www.masaze-lezajsk.pl\/index.php?rest_route=%2Fwp%2Fv2%2Fcomments&post=38"}],"version-history":[{"count":4,"href":"https:\/\/www.masaze-lezajsk.pl\/index.php?rest_route=\/wp\/v2\/pages\/38\/revisions"}],"predecessor-version":[{"id":83,"href":"https:\/\/www.masaze-lezajsk.pl\/index.php?rest_route=\/wp\/v2\/pages\/38\/revisions\/83"}],"wp:attachment":[{"href":"https:\/\/www.masaze-lezajsk.pl\/index.php?rest_route=%2Fwp%2Fv2%2Fmedia&parent=38"}],"curies":[{"name":"wp","href":"https:\/\/api.w.org\/{rel}","templated":true}]}}