{"id":43,"date":"2016-11-28T22:16:01","date_gmt":"2016-11-28T21:16:01","guid":{"rendered":"http:\/\/www.masaze-lezajsk.pl\/?page_id=43"},"modified":"2016-11-28T22:16:43","modified_gmt":"2016-11-28T21:16:43","slug":"masaz-odchudzajacy","status":"publish","type":"page","link":"https:\/\/www.masaze-lezajsk.pl\/?page_id=43","title":{"rendered":"Masa\u017c odchudzaj\u0105cy"},"content":{"rendered":"<p>Zadaniem tego rodzaju masa\u017cu jest rozbicie i rozdrobnienie podsk\u00f3rnej tkanki t\u0142uszczowej, usuni\u0119cie toksyn i nadmiaru wody z organizmu, zwi\u0119kszenie ukrwienia i od\u017cywienia sk\u00f3ry oraz mi\u0119\u015bni, poprawa jako\u015bci sk\u00f3ry oraz wzmocnienie mi\u0119\u015bni (brzucha, n\u00f3g, po\u015bladk\u00f3w), w rezultacie przy\u015bpiesza si\u0119 przemiana materii w ca\u0142ym organizmie, a sk\u00f3ra staje si\u0119 spr\u0119\u017cysta i j\u0119drna.<\/p>\n","protected":false},"excerpt":{"rendered":"<p>Zadaniem tego rodzaju masa\u017cu jest rozbicie i rozdrobnienie podsk\u00f3rnej tkanki t\u0142uszczowej, usuni\u0119cie toksyn i nadmiaru wody z organizmu, zwi\u0119kszenie ukrwienia &hellip; <\/p>\n<p><a href=\"https:\/\/www.masaze-lezajsk.pl\/?page_id=43\" class=\"more-link\">Read More<\/a><\/p>\n","protected":false},"author":1,"featured_media":0,"parent":0,"menu_order":0,"comment_status":"closed","ping_status":"closed","template":"","meta":{"footnotes":""},"class_list":["post-43","page","type-page","status-publish","hentry"],"_links":{"self":[{"href":"https:\/\/www.masaze-lezajsk.pl\/index.php?rest_route=\/wp\/v2\/pages\/43","targetHints":{"allow":["GET"]}}],"collection":[{"href":"https:\/\/www.masaze-lezajsk.pl\/index.php?rest_route=\/wp\/v2\/pages"}],"about":[{"href":"https:\/\/www.masaze-lezajsk.pl\/index.php?rest_route=\/wp\/v2\/types\/page"}],"author":[{"embeddable":true,"href":"https:\/\/www.masaze-lezajsk.pl\/index.php?rest_route=\/wp\/v2\/users\/1"}],"replies":[{"embeddable":true,"href":"https:\/\/www.masaze-lezajsk.pl\/index.php?rest_route=%2Fwp%2Fv2%2Fcomments&post=43"}],"version-history":[{"count":1,"href":"https:\/\/www.masaze-lezajsk.pl\/index.php?rest_route=\/wp\/v2\/pages\/43\/revisions"}],"predecessor-version":[{"id":45,"href":"https:\/\/www.masaze-lezajsk.pl\/index.php?rest_route=\/wp\/v2\/pages\/43\/revisions\/45"}],"wp:attachment":[{"href":"https:\/\/www.masaze-lezajsk.pl\/index.php?rest_route=%2Fwp%2Fv2%2Fmedia&parent=43"}],"curies":[{"name":"wp","href":"https:\/\/api.w.org\/{rel}","templated":true}]}}