{"id":46,"date":"2016-11-28T22:18:52","date_gmt":"2016-11-28T21:18:52","guid":{"rendered":"http:\/\/www.masaze-lezajsk.pl\/?page_id=46"},"modified":"2016-12-01T18:36:48","modified_gmt":"2016-12-01T17:36:48","slug":"masaz-banka-chinska%e2%80%a8","status":"publish","type":"page","link":"https:\/\/www.masaze-lezajsk.pl\/?page_id=46","title":{"rendered":"Masa\u017c ba\u0144k\u0105 chi\u0144sk\u0105\u2028"},"content":{"rendered":"<p>Przy masa\u017cu ba\u0144k\u0105 chi\u0144sk\u0105 wykorzystuje si\u0119 podci\u015bnienie, kt\u00f3re wytwarza si\u0119 w ba\u0144ce przez usuni\u0119cie z niej powietrza. To podci\u015bnienie powoduje zassanie sk\u00f3ry i tkanek le\u017c\u0105cych pod ba\u0144k\u0105 i wp\u0142ywa na intensywne ich przekrwienie oraz wyra\u017an\u0105 popraw\u0119 elastyczno\u015bci sk\u00f3ry.<\/p>\n<p>Masa\u017c ten pobudza kr\u0105\u017cenie krwi i p\u0142yn\u00f3w ustrojowych, pomaga pozby\u0107 si\u0119 zb\u0119dnych produkt\u00f3w przemiany materii oraz toksyn z organizmu. W wyniku przy\u015bpieszenia przemiany materii nast\u0119puje redukcja tkanki t\u0142uszczowej. Ma nieocenion\u0105 moc w kuracji antycellulitowej lub jako drena\u017c limfatyczny.\u2028 Efektem masa\u017cu jest wyra\u017ana poprawa jako\u015bci sk\u00f3ry, znacznie zmniejszony lub zlikwidowany cellulit oraz zmniejszony obw\u00f3d cz\u0119\u015bci cia\u0142a, kt\u00f3re by\u0142y poddane masa\u017cowi.<\/p>\n<p><strong>Wskazania:<\/strong><br \/>\nwalka z cellulitem,<br \/>\nobrz\u0119ki limfatyczne,<br \/>\nnapi\u0119te i obola\u0142e mi\u0119\u015bnie<\/p>\n","protected":false},"excerpt":{"rendered":"<p>Przy masa\u017cu ba\u0144k\u0105 chi\u0144sk\u0105 wykorzystuje si\u0119 podci\u015bnienie, kt\u00f3re wytwarza si\u0119 w ba\u0144ce przez usuni\u0119cie z niej powietrza. To podci\u015bnienie powoduje &hellip; <\/p>\n<p><a href=\"https:\/\/www.masaze-lezajsk.pl\/?page_id=46\" class=\"more-link\">Read More<\/a><\/p>\n","protected":false},"author":1,"featured_media":0,"parent":0,"menu_order":0,"comment_status":"closed","ping_status":"closed","template":"","meta":{"footnotes":""},"class_list":["post-46","page","type-page","status-publish","hentry"],"_links":{"self":[{"href":"https:\/\/www.masaze-lezajsk.pl\/index.php?rest_route=\/wp\/v2\/pages\/46","targetHints":{"allow":["GET"]}}],"collection":[{"href":"https:\/\/www.masaze-lezajsk.pl\/index.php?rest_route=\/wp\/v2\/pages"}],"about":[{"href":"https:\/\/www.masaze-lezajsk.pl\/index.php?rest_route=\/wp\/v2\/types\/page"}],"author":[{"embeddable":true,"href":"https:\/\/www.masaze-lezajsk.pl\/index.php?rest_route=\/wp\/v2\/users\/1"}],"replies":[{"embeddable":true,"href":"https:\/\/www.masaze-lezajsk.pl\/index.php?rest_route=%2Fwp%2Fv2%2Fcomments&post=46"}],"version-history":[{"count":4,"href":"https:\/\/www.masaze-lezajsk.pl\/index.php?rest_route=\/wp\/v2\/pages\/46\/revisions"}],"predecessor-version":[{"id":78,"href":"https:\/\/www.masaze-lezajsk.pl\/index.php?rest_route=\/wp\/v2\/pages\/46\/revisions\/78"}],"wp:attachment":[{"href":"https:\/\/www.masaze-lezajsk.pl\/index.php?rest_route=%2Fwp%2Fv2%2Fmedia&parent=46"}],"curies":[{"name":"wp","href":"https:\/\/api.w.org\/{rel}","templated":true}]}}