{"id":52,"date":"2016-11-28T22:24:38","date_gmt":"2016-11-28T21:24:38","guid":{"rendered":"http:\/\/www.masaze-lezajsk.pl\/?page_id=52"},"modified":"2016-11-28T22:30:04","modified_gmt":"2016-11-28T21:30:04","slug":"kinezy-terapia","status":"publish","type":"page","link":"https:\/\/www.masaze-lezajsk.pl\/?page_id=52","title":{"rendered":"Kinezyterapia"},"content":{"rendered":"<p><strong>Kinezyterapia<\/strong> to rehabilitacja ruchowa. Jej podstaw\u0105 s\u0105 \u0107wiczenia fizyczne o charakterze leczniczym (gimnastyka lecznicza). Celem kinezyterapii jest przywr\u00f3cenie lub utrzymanie ca\u0142kowitej lub cz\u0119\u015bciowej sprawno\u015bci fizycznej chorego. Dzi\u0119ki niej mo\u017cna przywr\u00f3ci\u0107 prawid\u0142ow\u0105 ruchomo\u015b\u0107 w stawach oraz si\u0142\u0119 i wytrzyma\u0142o\u015b\u0107 mi\u0119\u015bni, pobudzi\u0107 i poprawi\u0107 czynno\u015bci o\u015brodkowego uk\u0142adu nerwowego, poprawi\u0107 prac\u0119 uk\u0142adu oddechowego i sercowo-naczyniowego, korygowa\u0107 wady postawy cia\u0142a i nieprawid\u0142owe nawyki ruchowe, a tak\u017ce przystosowa\u0107 chorego do \u017cycia w przypadku trwa\u0142ej niepe\u0142nosprawno\u015bci.<\/p>\n<ul>\n<li>\u0107wiczenia bierne \u2013 \u0107wiczenia wykonywane przez fizjoterapeut\u0119 bez czynnego udzia\u0142u pacjenta,<\/li>\n<li>\u0107wiczenia izometryczne \u2013 czynne napinanie mi\u0119\u015bni bez zmiany ich d\u0142ugo\u015bci,<\/li>\n<li>\u0107wiczenia czynno-bierne \u2013 ruch wykonywany jest biernie, natomiast pacjent czynnie rozlu\u017ania mi\u0119\u015bnie,<\/li>\n<li>\u0107wiczenia samowspomagane \u2013 pacjent si\u0142\u0105 mi\u0119\u015bni ko\u0144czyny zdrowej wspomaga prac\u0119 os\u0142abionych mi\u0119\u015bni,<\/li>\n<li>\u0107wiczenia oddechowe,<\/li>\n<li>\u0107wiczenia czynne,<\/li>\n<li>\u0107wiczenia og\u00f3lnie usprawniaj\u0105ce.<\/li>\n<\/ul>\n","protected":false},"excerpt":{"rendered":"<p>Kinezyterapia to rehabilitacja ruchowa. Jej podstaw\u0105 s\u0105 \u0107wiczenia fizyczne o charakterze leczniczym (gimnastyka lecznicza). Celem kinezyterapii jest przywr\u00f3cenie lub utrzymanie &hellip; <\/p>\n<p><a href=\"https:\/\/www.masaze-lezajsk.pl\/?page_id=52\" class=\"more-link\">Read More<\/a><\/p>\n","protected":false},"author":1,"featured_media":0,"parent":0,"menu_order":0,"comment_status":"closed","ping_status":"closed","template":"","meta":{"footnotes":""},"class_list":["post-52","page","type-page","status-publish","hentry"],"_links":{"self":[{"href":"https:\/\/www.masaze-lezajsk.pl\/index.php?rest_route=\/wp\/v2\/pages\/52","targetHints":{"allow":["GET"]}}],"collection":[{"href":"https:\/\/www.masaze-lezajsk.pl\/index.php?rest_route=\/wp\/v2\/pages"}],"about":[{"href":"https:\/\/www.masaze-lezajsk.pl\/index.php?rest_route=\/wp\/v2\/types\/page"}],"author":[{"embeddable":true,"href":"https:\/\/www.masaze-lezajsk.pl\/index.php?rest_route=\/wp\/v2\/users\/1"}],"replies":[{"embeddable":true,"href":"https:\/\/www.masaze-lezajsk.pl\/index.php?rest_route=%2Fwp%2Fv2%2Fcomments&post=52"}],"version-history":[{"count":3,"href":"https:\/\/www.masaze-lezajsk.pl\/index.php?rest_route=\/wp\/v2\/pages\/52\/revisions"}],"predecessor-version":[{"id":57,"href":"https:\/\/www.masaze-lezajsk.pl\/index.php?rest_route=\/wp\/v2\/pages\/52\/revisions\/57"}],"wp:attachment":[{"href":"https:\/\/www.masaze-lezajsk.pl\/index.php?rest_route=%2Fwp%2Fv2%2Fmedia&parent=52"}],"curies":[{"name":"wp","href":"https:\/\/api.w.org\/{rel}","templated":true}]}}