{"id":65,"date":"2016-12-01T00:19:29","date_gmt":"2016-11-30T23:19:29","guid":{"rendered":"http:\/\/www.masaze-lezajsk.pl\/?page_id=65"},"modified":"2016-12-01T00:22:41","modified_gmt":"2016-11-30T23:22:41","slug":"karnet-upominkowy","status":"publish","type":"page","link":"https:\/\/www.masaze-lezajsk.pl\/?page_id=65","title":{"rendered":"Karnet upominkowy"},"content":{"rendered":"<p><strong>Karnet upominkowy<\/strong> to \u015bwietny spos\u00f3b, aby powiedzie\u0107 bliskiej osobie, \u017ce Ci na niej zale\u017cy.<br \/>\nTo bardzo dobry pomys\u0142 na prezent dla Twoich bliskich i znajomych.<br \/>\nMo\u017ce by\u0107 wyrazem uznania dla partnera biznesowego lub pracownika.<br \/>\nMo\u017cesz wybra\u0107 konkretny masa\u017c lub seri\u0119 masa\u017cy.<\/p>\n<p>Od Ciebie zale\u017cy warto\u015b\u0107 upominku.<\/p>\n<p style=\"text-align: center;\"><strong>Jak zam\u00f3wi\u0107 karnet upominkowy?<\/strong><br \/>\nTo proste.<br \/>\nWystarczy <a href=\"http:\/\/www.masaze-lezajsk.pl\/?page_id=30\">zadzwoni\u0107 lub przyj\u015b\u0107 do gabinetu<\/a>.<\/p>\n","protected":false},"excerpt":{"rendered":"<p>Karnet upominkowy to \u015bwietny spos\u00f3b, aby powiedzie\u0107 bliskiej osobie, \u017ce Ci na niej zale\u017cy. To bardzo dobry pomys\u0142 na prezent &hellip; <\/p>\n<p><a href=\"https:\/\/www.masaze-lezajsk.pl\/?page_id=65\" class=\"more-link\">Read More<\/a><\/p>\n","protected":false},"author":1,"featured_media":0,"parent":0,"menu_order":0,"comment_status":"closed","ping_status":"closed","template":"","meta":{"footnotes":""},"class_list":["post-65","page","type-page","status-publish","hentry"],"_links":{"self":[{"href":"https:\/\/www.masaze-lezajsk.pl\/index.php?rest_route=\/wp\/v2\/pages\/65","targetHints":{"allow":["GET"]}}],"collection":[{"href":"https:\/\/www.masaze-lezajsk.pl\/index.php?rest_route=\/wp\/v2\/pages"}],"about":[{"href":"https:\/\/www.masaze-lezajsk.pl\/index.php?rest_route=\/wp\/v2\/types\/page"}],"author":[{"embeddable":true,"href":"https:\/\/www.masaze-lezajsk.pl\/index.php?rest_route=\/wp\/v2\/users\/1"}],"replies":[{"embeddable":true,"href":"https:\/\/www.masaze-lezajsk.pl\/index.php?rest_route=%2Fwp%2Fv2%2Fcomments&post=65"}],"version-history":[{"count":3,"href":"https:\/\/www.masaze-lezajsk.pl\/index.php?rest_route=\/wp\/v2\/pages\/65\/revisions"}],"predecessor-version":[{"id":69,"href":"https:\/\/www.masaze-lezajsk.pl\/index.php?rest_route=\/wp\/v2\/pages\/65\/revisions\/69"}],"wp:attachment":[{"href":"https:\/\/www.masaze-lezajsk.pl\/index.php?rest_route=%2Fwp%2Fv2%2Fmedia&parent=65"}],"curies":[{"name":"wp","href":"https:\/\/api.w.org\/{rel}","templated":true}]}}